{"id":310,"date":"2020-05-12T16:30:37","date_gmt":"2020-05-12T16:30:37","guid":{"rendered":"https:\/\/fondoaudiovisualcovid19.com\/?page_id=310"},"modified":"2024-05-27T15:23:26","modified_gmt":"2024-05-27T13:23:26","slug":"datos","status":"publish","type":"page","link":"https:\/\/convocatorias.fundacionemalcsa.es\/index.php\/es\/datos\/","title":{"rendered":"Protecci\u00f3n de Datos Personales"},"content":{"rendered":"<div id=\"pl-310\"  class=\"panel-layout\" ><div id=\"pg-310-0\"  class=\"panel-grid panel-has-style\" ><div style=\"padding: 100px 0; \" data-overlay=\"true\" data-overlay-color=\"#000000\" class=\"panel-row-style panel-row-style-for-310-0\" ><div id=\"pgc-310-0-0\"  class=\"panel-grid-cell\" ><div id=\"panel-310-0-0-0\" class=\"so-panel widget widget_text panel-first-child panel-last-child\" data-index=\"0\" ><div style=\"text-align: left;\" id=\"proteccion_datos_personales\" data-title-color=\"#443f3f\" data-headings-color=\"#443f3f\" class=\"panel-widget-style panel-widget-style-for-310-0-0-0\" >\t\t\t<div class=\"textwidget\"><p><strong>POL\u00cdTICA DE PROTECCI\u00d3N DE DATOS PERSONALES<\/strong><\/p>\n<p><strong>Responsable del Tratamiento<\/strong><\/p>\n<p>VALORA CONSULTORES DE GESTI\u00d3N, SL (en adelante <strong>VALORA<\/strong>) con domicilio en C\/ Avenida Calvo Sotelo, 19. 15004 A Coru\u00f1a, como\u00a0 titular de la presente p\u00e1gina web y el Responsable de los Datos Personales y su Tratamiento, en los t\u00e9rminos del Reglamento (UE) 2016\/679 del Parlamento Europeo y del Consejo, de 27 de abril de 2016 (RGPD), relativo a la protecci\u00f3n de las personas f\u00edsicas en lo que respecta al tratamiento de datos personales y a la libre circulaci\u00f3n de estos datos y por el que se deroga la Directiva 95\/46\/CE, y conforme a\u00a0 Ley Org\u00e1nica 3\/2018, de 5 de diciembre, de Protecci\u00f3n de Datos Personales y garant\u00eda de los derechos digitales. A estos efectos, adoptar\u00e1 las medidas necesarias para evitar la alteraci\u00f3n, p\u00e9rdida, tratamiento o acceso no autorizado de los datos de car\u00e1cter personal.<\/p>\n<p>Los datos de car\u00e1cter personal que pudieran recabarse directamente del interesado ser\u00e1n tratados de forma confidencial y quedar\u00edan incorporados a la correspondiente actividad de tratamiento titularidad de VALORA.<\/p>\n<p><strong>Finalidad y Legitimidad del Tratamiento<\/strong>.<\/p>\n<p>La recogida y tratamiento automatizado de los datos personales tiene como finalidad la gesti\u00f3n de la aportaci\u00f3n econ\u00f3mica relacionada con el Proyecto CONVOCATORIA DE AYUDAS DE LA FUNDACI\u00d3N EMALCSA solicitada por el usuario de esta p\u00e1gina web, as\u00ed como el seguimiento de las consultas planteadas por interesados hasta el logro de su fin \u00faltimo que es la entrega de tales ayudas a los beneficiarios elegidos.<\/p>\n<p>La legitimidad para el tratamiento de los datos personales est\u00e1 basada en el consentimiento que se solicita a los usuarios, para ello hemos solicitado su confirmaci\u00f3n expresa autorizando el tratamiento de sus datos.<\/p>\n<p><strong>Actividades de Tratamiento.<\/strong><\/p>\n<p>El tratamiento de los datos personales se realiza fundamentalmente para el cumplimiento de las obligaciones legales por parte de VALORA para la gesti\u00f3n de la ayuda solicitada, su tramitaci\u00f3n y justificaci\u00f3n ante organismos oficiales y entidades patrocinadoras de la misma.<\/p>\n<p>Los plazos de conservaci\u00f3n de sus datos personales ser\u00e1n los necesarios dependiendo de la normativa aplicable al caso particular y, en todo caso, durante el tiempo necesario para cumplir con la finalidad para la que se recaban y para determinar las posibles responsabilidades que se pudieran derivar de la finalidad, adem\u00e1s de los periodos establecidos en la normativa para el archivo y documentaci\u00f3n contable, fiscal y administrativa.<\/p>\n<p><strong>Comunicaci\u00f3n, cesi\u00f3n de Datos.<\/strong><\/p>\n<p>Los datos personales se <strong>comunicar\u00e1n exclusivamente para la finalidad indicada<\/strong>, de gesti\u00f3n y <strong>justificaci\u00f3n de la aportaci\u00f3n econ\u00f3mica<\/strong> CONVOCATORIA DE AYUDAS DE LA FUNDACI\u00d3N EMALCSA , y para fines administrativos internos, siendo los destinatarios las administraciones p\u00fablicas y la entidad donante, para su efectivo seguimiento y justificaci\u00f3n.<\/p>\n<p>No habr\u00e1 cesi\u00f3n propiamente dicha para otros fines.<\/p>\n<p>&nbsp;<\/p>\n<p>&nbsp;<\/p>\n<p>&nbsp;<\/p>\n<p><strong>Ejercicio de Derechos<\/strong><\/p>\n<p>Puede ejercitar los derechos de acceso, rectificaci\u00f3n, supresi\u00f3n y portabilidad de sus datos, limitaci\u00f3n y oposici\u00f3n al tratamiento, as\u00ed como a no ser objeto de decisiones basadas \u00fanicamente en el tratamiento automatizado de sus datos, cuando procedan, ante VALORA a trav\u00e9s del correo electr\u00f3nico: info@valoraconsultores.com<\/p>\n<p>En todo caso, el interesado podr\u00e1 reclamar ante Agencia Espa\u00f1ola de Protecci\u00f3n de Datos, cuando considere que se han vulnerados sus derechos a la protecci\u00f3n de datos personales.<\/p>\n<p>Los datos se recoger\u00e1n a trav\u00e9s de los formularios correspondientes, que s\u00f3lo contendr\u00e1n los campos imprescindibles para la tramitaci\u00f3n de la ayuda solicitada y se conservar\u00e1n durante el tiempo imprescindible para atender este servicio, en base a la legislaci\u00f3n vigente, respecto a la prescripci\u00f3n de responsabilidades.<\/p>\n<p>Corresponde al interesado la actualizaci\u00f3n de sus propios datos. VALORA no ser\u00e1 responsable de su inexactitud si no se comunican los cambios que hayan podido producirse.<\/p>\n<p>VALORA ha adoptado las medidas t\u00e9cnicas y organizativas necesarias para garantizar la seguridad e integridad de los datos personales tratados, as\u00ed como para evitar su alteraci\u00f3n, p\u00e9rdida, tratamiento o acceso no autorizado. En este sentido, VALORA ha adoptado las medidas de seguridad exigidas por la normativa vigente de Protecci\u00f3n de Datos de car\u00e1cter personal.<\/p>\n<p>VALORA se reserva la facultad de modificar la presente Pol\u00edtica de protecci\u00f3n de datos para adaptarla a las novedades legislativas, jurisprudenciales o de interpretaci\u00f3n de la Agencia Espa\u00f1ola de Protecci\u00f3n de Datos.<\/p>\n<\/div>\n\t\t<\/div><\/div><\/div><\/div><\/div><\/div>","protected":false},"excerpt":{"rendered":"<p>POL\u00cdTICA DE PROTECCI\u00d3N DE DATOS PERSONALES Responsable del Tratamiento VALORA CONSULTORES DE [&hellip;]<\/p>\n","protected":false},"author":1,"featured_media":0,"parent":0,"menu_order":0,"comment_status":"closed","ping_status":"closed","template":"page-templates\/page_fullwidth.php","meta":[],"yoast_head":"<!-- This site is optimized with the Yoast SEO plugin v18.4.1 - https:\/\/yoast.com\/wordpress\/plugins\/seo\/ -->\n<title>Protecci\u00f3n de Datos Personales - CONVOCATORIA DE AYUDAS FUNDACI\u00d3N EMALCSA<\/title>\n<meta name=\"description\" content=\"Gesti\u00f3n de aportaciones econ\u00f3micas para profesionales del sector audiovisual afectados por la crisis de la COVID-19.\" \/>\n<meta name=\"robots\" content=\"index, follow, max-snippet:-1, max-image-preview:large, max-video-preview:-1\" \/>\n<link rel=\"canonical\" href=\"https:\/\/convocatorias.fundacionemalcsa.es\/index.php\/es\/datos\/\" \/>\n<meta property=\"og:locale\" content=\"es_ES\" \/>\n<meta property=\"og:type\" content=\"article\" \/>\n<meta property=\"og:title\" content=\"Protecci\u00f3n de Datos Personales - CONVOCATORIA DE AYUDAS FUNDACI\u00d3N EMALCSA\" \/>\n<meta property=\"og:description\" content=\"Gesti\u00f3n de aportaciones econ\u00f3micas para profesionales del sector audiovisual afectados por la crisis de la COVID-19.\" \/>\n<meta property=\"og:url\" content=\"https:\/\/convocatorias.fundacionemalcsa.es\/index.php\/es\/datos\/\" \/>\n<meta property=\"og:site_name\" content=\"CONVOCATORIA DE AYUDAS FUNDACI\u00d3N EMALCSA\" \/>\n<meta property=\"article:modified_time\" content=\"2024-05-27T13:23:26+00:00\" \/>\n<meta name=\"twitter:card\" content=\"summary_large_image\" \/>\n<meta name=\"twitter:label1\" content=\"Tiempo de lectura\" \/>\n\t<meta name=\"twitter:data1\" content=\"4 minutos\" \/>\n<script type=\"application\/ld+json\" class=\"yoast-schema-graph\">{\"@context\":\"https:\/\/schema.org\",\"@graph\":[{\"@type\":\"WebSite\",\"@id\":\"https:\/\/convocatorias.fundacionemalcsa.es\/#website\",\"url\":\"https:\/\/convocatorias.fundacionemalcsa.es\/\",\"name\":\"CONVOCATORIA DE AYUDAS FUNDACI\u00d3N EMALCSA\",\"description\":\"Convocatoria Emalcsa\",\"potentialAction\":[{\"@type\":\"SearchAction\",\"target\":{\"@type\":\"EntryPoint\",\"urlTemplate\":\"https:\/\/convocatorias.fundacionemalcsa.es\/?s={search_term_string}\"},\"query-input\":\"required name=search_term_string\"}],\"inLanguage\":\"es\"},{\"@type\":\"WebPage\",\"@id\":\"https:\/\/convocatorias.fundacionemalcsa.es\/index.php\/es\/datos\/#webpage\",\"url\":\"https:\/\/convocatorias.fundacionemalcsa.es\/index.php\/es\/datos\/\",\"name\":\"Protecci\u00f3n de Datos Personales - CONVOCATORIA DE AYUDAS FUNDACI\u00d3N EMALCSA\",\"isPartOf\":{\"@id\":\"https:\/\/convocatorias.fundacionemalcsa.es\/#website\"},\"datePublished\":\"2020-05-12T16:30:37+00:00\",\"dateModified\":\"2024-05-27T13:23:26+00:00\",\"description\":\"Gesti\u00f3n de aportaciones econ\u00f3micas para profesionales del sector audiovisual afectados por la crisis de la COVID-19.\",\"breadcrumb\":{\"@id\":\"https:\/\/convocatorias.fundacionemalcsa.es\/index.php\/es\/datos\/#breadcrumb\"},\"inLanguage\":\"es\",\"potentialAction\":[{\"@type\":\"ReadAction\",\"target\":[\"https:\/\/convocatorias.fundacionemalcsa.es\/index.php\/es\/datos\/\"]}]},{\"@type\":\"BreadcrumbList\",\"@id\":\"https:\/\/convocatorias.fundacionemalcsa.es\/index.php\/es\/datos\/#breadcrumb\",\"itemListElement\":[{\"@type\":\"ListItem\",\"position\":1,\"name\":\"Portada\",\"item\":\"https:\/\/convocatorias.fundacionemalcsa.es\/\"},{\"@type\":\"ListItem\",\"position\":2,\"name\":\"Protecci\u00f3n de Datos Personales\"}]}]}<\/script>\n<!-- \/ Yoast SEO plugin. -->","yoast_head_json":{"title":"Protecci\u00f3n de Datos Personales - CONVOCATORIA DE AYUDAS FUNDACI\u00d3N EMALCSA","description":"Gesti\u00f3n de aportaciones econ\u00f3micas para profesionales del sector audiovisual afectados por la crisis de la COVID-19.","robots":{"index":"index","follow":"follow","max-snippet":"max-snippet:-1","max-image-preview":"max-image-preview:large","max-video-preview":"max-video-preview:-1"},"canonical":"https:\/\/convocatorias.fundacionemalcsa.es\/index.php\/es\/datos\/","og_locale":"es_ES","og_type":"article","og_title":"Protecci\u00f3n de Datos Personales - CONVOCATORIA DE AYUDAS FUNDACI\u00d3N EMALCSA","og_description":"Gesti\u00f3n de aportaciones econ\u00f3micas para profesionales del sector audiovisual afectados por la crisis de la COVID-19.","og_url":"https:\/\/convocatorias.fundacionemalcsa.es\/index.php\/es\/datos\/","og_site_name":"CONVOCATORIA DE AYUDAS FUNDACI\u00d3N EMALCSA","article_modified_time":"2024-05-27T13:23:26+00:00","twitter_card":"summary_large_image","twitter_misc":{"Tiempo de lectura":"4 minutos"},"schema":{"@context":"https:\/\/schema.org","@graph":[{"@type":"WebSite","@id":"https:\/\/convocatorias.fundacionemalcsa.es\/#website","url":"https:\/\/convocatorias.fundacionemalcsa.es\/","name":"CONVOCATORIA DE AYUDAS FUNDACI\u00d3N EMALCSA","description":"Convocatoria Emalcsa","potentialAction":[{"@type":"SearchAction","target":{"@type":"EntryPoint","urlTemplate":"https:\/\/convocatorias.fundacionemalcsa.es\/?s={search_term_string}"},"query-input":"required name=search_term_string"}],"inLanguage":"es"},{"@type":"WebPage","@id":"https:\/\/convocatorias.fundacionemalcsa.es\/index.php\/es\/datos\/#webpage","url":"https:\/\/convocatorias.fundacionemalcsa.es\/index.php\/es\/datos\/","name":"Protecci\u00f3n de Datos Personales - CONVOCATORIA DE AYUDAS FUNDACI\u00d3N EMALCSA","isPartOf":{"@id":"https:\/\/convocatorias.fundacionemalcsa.es\/#website"},"datePublished":"2020-05-12T16:30:37+00:00","dateModified":"2024-05-27T13:23:26+00:00","description":"Gesti\u00f3n de aportaciones econ\u00f3micas para profesionales del sector audiovisual afectados por la crisis de la COVID-19.","breadcrumb":{"@id":"https:\/\/convocatorias.fundacionemalcsa.es\/index.php\/es\/datos\/#breadcrumb"},"inLanguage":"es","potentialAction":[{"@type":"ReadAction","target":["https:\/\/convocatorias.fundacionemalcsa.es\/index.php\/es\/datos\/"]}]},{"@type":"BreadcrumbList","@id":"https:\/\/convocatorias.fundacionemalcsa.es\/index.php\/es\/datos\/#breadcrumb","itemListElement":[{"@type":"ListItem","position":1,"name":"Portada","item":"https:\/\/convocatorias.fundacionemalcsa.es\/"},{"@type":"ListItem","position":2,"name":"Protecci\u00f3n de Datos Personales"}]}]}},"_links":{"self":[{"href":"https:\/\/convocatorias.fundacionemalcsa.es\/index.php\/wp-json\/wp\/v2\/pages\/310"}],"collection":[{"href":"https:\/\/convocatorias.fundacionemalcsa.es\/index.php\/wp-json\/wp\/v2\/pages"}],"about":[{"href":"https:\/\/convocatorias.fundacionemalcsa.es\/index.php\/wp-json\/wp\/v2\/types\/page"}],"author":[{"embeddable":true,"href":"https:\/\/convocatorias.fundacionemalcsa.es\/index.php\/wp-json\/wp\/v2\/users\/1"}],"replies":[{"embeddable":true,"href":"https:\/\/convocatorias.fundacionemalcsa.es\/index.php\/wp-json\/wp\/v2\/comments?post=310"}],"version-history":[{"count":11,"href":"https:\/\/convocatorias.fundacionemalcsa.es\/index.php\/wp-json\/wp\/v2\/pages\/310\/revisions"}],"predecessor-version":[{"id":1576,"href":"https:\/\/convocatorias.fundacionemalcsa.es\/index.php\/wp-json\/wp\/v2\/pages\/310\/revisions\/1576"}],"wp:attachment":[{"href":"https:\/\/convocatorias.fundacionemalcsa.es\/index.php\/wp-json\/wp\/v2\/media?parent=310"}],"curies":[{"name":"wp","href":"https:\/\/api.w.org\/{rel}","templated":true}]}}