{"id":188,"date":"2020-05-04T15:06:33","date_gmt":"2020-05-04T15:06:33","guid":{"rendered":"https:\/\/fondoaudiovisualcovid19.com\/?page_id=188"},"modified":"2024-05-27T15:18:43","modified_gmt":"2024-05-27T13:18:43","slug":"aviso-legal","status":"publish","type":"page","link":"https:\/\/convocatorias.fundacionemalcsa.es\/index.php\/aviso-legal\/","title":{"rendered":"Aviso Legal"},"content":{"rendered":"<div id=\"pl-188\"  class=\"panel-layout\" ><div id=\"pg-188-0\"  class=\"panel-grid panel-has-style\" ><div style=\"padding: 100px 0; \" data-overlay=\"true\" data-overlay-color=\"#000000\" class=\"panel-row-style panel-row-style-for-188-0\" ><div id=\"pgc-188-0-0\"  class=\"panel-grid-cell\" ><div id=\"panel-188-0-0-0\" class=\"so-panel widget widget_sow-editor panel-first-child\" data-index=\"0\" ><div style=\"text-align: left;\" data-title-color=\"#443f3f\" data-headings-color=\"#443f3f\" class=\"panel-widget-style panel-widget-style-for-188-0-0-0\" ><div\n\t\t\t\n\t\t\tclass=\"so-widget-sow-editor so-widget-sow-editor-base\"\n\t\t\t\n\t\t>\n<div class=\"siteorigin-widget-tinymce textwidget\">\n\t<h1>AVISO LEGAL<\/h1>\n<\/div>\n<\/div><\/div><\/div><div id=\"panel-188-0-0-1\" class=\"so-panel widget widget_sow-editor panel-last-child\" data-index=\"1\" ><div style=\"text-align: left;\" data-title-color=\"#443f3f\" data-headings-color=\"#443f3f\" class=\"panel-widget-style panel-widget-style-for-188-0-0-1\" ><div\n\t\t\t\n\t\t\tclass=\"so-widget-sow-editor so-widget-sow-editor-base\"\n\t\t\t\n\t\t>\n<div class=\"siteorigin-widget-tinymce textwidget\">\n\t<div class=\"entry-content\">\n<div id=\"lipsum\">\n<p>&nbsp;<\/p>\n<p>&nbsp;<\/p>\n<p>A utilizaci\u00f3n do sitio web implica a aceptaci\u00f3n plena e sen reservas de todas e cada unha das disposici\u00f3ns inclu\u00eddas neste aviso legal. En consecuencia, o usuario do sitio web debe ler atentamente o presente aviso legal en cada unha das ocasi\u00f3ns en que se propo\u00f1a utilizar a web, xa que o texto poder\u00eda sufrir modificaci\u00f3ns a criterio do titular da web, ou por mor dun cambio lexislativo, xurisprudencial ou na pr\u00e1ctica empresarial.<br \/>\nO presente sitio web facilita aos usuarios do mesmo o acceso a informaci\u00f3n e a tramitar a solicitude da achega econ\u00f3mica ligada ao proxecto CONVOCATORIA DE AXUDAS DA FUNDACI\u00d3N EMALCSA, xestionada por VALORA CONSULTORES DE GESTI\u00d3N, S.L.<\/p>\n<h3>TITULARIDADE DO SITIO<\/h3>\n<p>De conformidade co establecido na lexislaci\u00f3n en materia de comercio electr\u00f3nico, po\u00f1emos \u00e1 s\u00faa disposici\u00f3n a seguinte informaci\u00f3n relativa ao presente sitio web: convocatorias.fundacionemalcsa.es<br \/>\nO dominio web \u00e9 titularidade de VALORA CONSULTORES DE GESTI\u00d3N, S.L. (en diante VALORA).<br \/>\nTitular do sitio web: VALORA<br \/>\nN\u00famero de identificaci\u00f3n fiscal: B15829443<br \/>\nDomicilio e datos de inscrici\u00f3n: C\/ Avenida Calvo Sotelo, 19. 15004 A Coru\u00f1a, inscrita no Rexistro Mercantil da Coru\u00f1a.<br \/>\nDirecci\u00f3n de correo electr\u00f3nico: info@valoraconsultores.com<br \/>\nO presente Aviso Legal cont\u00e9n as Condici\u00f3ns Xerais que regulan o uso (ou mero acceso) desta p\u00e1xina web, inclu\u00eddos os contidos e servizos postos a disposici\u00f3n nela.<br \/>\nEn todo caso, VALORA res\u00e9rvase o dereito para actualizar, modificar ou eliminar, en calquera momento, e sen aviso previo\/previo aviso, a presentaci\u00f3n e configuraci\u00f3n do sitio web e a informaci\u00f3n e\/o contidos que nela incorp\u00f3rense, as\u00ed como as presentes Condici\u00f3ns Xerais de utilizaci\u00f3n da mesma, todo iso en relaci\u00f3n co seu fin \u00faltimo, que \u00e9 o da xesti\u00f3n das achegas econ\u00f3micas relacionadas co Proxecto CONVOCATORIA DE AXUDAS DA FUNDACI\u00d3N EMALCSA.<\/p>\n<h3>OBXECTO<\/h3>\n<p>O presente sitio web facilita aos usuarios do mesmo o acceso a informaci\u00f3n e solicitude de achega econ\u00f3mica, a aquelas persoas e usuarios particulares interesados nunha achega econ\u00f3mica das que neste sitio ind\u00edcanse, enmarcadas no Proxecto CONVOCATORIA DE AXUDAS DA FUNDACI\u00d3N EMALCSA e conforme \u00e1s s\u00faas bases e requisitos. En caso de cumprir os requisitos conforme \u00e1s bases, os usuarios poder\u00e1n solicitar a xesti\u00f3n da achega econ\u00f3mica conforme ao Proxecto CONVOCATORIA DE AXUDAS DA FUNDACI\u00d3N EMALCSA a trav\u00e9s dunha solicitude persoal e responsable outorgada a VALORA con ese fin expreso.<\/p>\n<h3>CONDICI\u00d3NS XERAIS DE UTILIZACI\u00d3N<\/h3>\n<p>O uso do presente sitio web, ter\u00e1 car\u00e1cter gratu\u00edto, sen prexu\u00edzo do custo de conexi\u00f3n a trav\u00e9s da correspondente rede de telecomunicaci\u00f3ns, necesaria para que o usuario te\u00f1a o acceso.<br \/>\nO usuario \u00e9 consciente e acepta expresamente, que o uso do presente sitio web real\u00edzase baixo a s\u00faa \u00fanica e exclusiva responsabilidade. Comprom\u00e9tese as\u00ed, a non levar a cabo ningunha conduta que puidese danar a imaxe, os intereses e os dereitos de VALORA, ou de terceiros, especialmente aqueles ligados \u00e1 xesti\u00f3n da achega econ\u00f3mica relacionada co Proxecto CONVOCATORIA DE AXUDAS DA FUNDACI\u00d3N EMALCSA identificados neste sitio web, ou que puidese danar ou inutilizar o presente sitio web ou, dalgunha forma, impedir ou restrinxir a s\u00faa normal utilizaci\u00f3n e a consecuci\u00f3n do seu fin \u00faltimo.<br \/>\nToda persoa que acceda ao presente sitio web reco\u00f1ece ler e acepta someterse \u00e1s Condici\u00f3ns Xerais vixentes en cada momento en que acceda ao sitio.<\/p>\n<h3>POL\u00cdTICA DE PRIVACIDADE E PROTECCI\u00d3N DOS DATOS PERSOAIS<\/h3>\n<p>A trav\u00e9s deste sitio web non se solicitan datos de car\u00e1cter persoal dos usuarios sen o seu consentimento. Por tanto, se o usuario desexa solicitar a achega econ\u00f3mica da CONVOCATORIA DE AXUDAS DA FUNDACI\u00d3N EMALCSA, deber\u00e1 consentir expresamente o seu desexo de tramitar a achega econ\u00f3mica no seu beneficio e de que toda a documentaci\u00f3n e datos persoais achegados poder\u00e1n ser xestionados con ese fin.<br \/>\nEn cumprimento do disposto na vixente normativa de Protecci\u00f3n de Datos de Car\u00e1cter Persoal, Lei Org\u00e1nica 3\/2018, do 5 de decembro, de Protecci\u00f3n de Datos Persoais e garant\u00eda dos dereitos dixitais e do Regulamento UE 2016\/679 do Parlamento Europeo e do Consello do 27 de abril de 2016, relativo \u00e1 protecci\u00f3n das persoas f\u00edsicas no que respecta ao tratamento dos datos persoais e \u00e1 libre circulaci\u00f3n destes datos, inf\u00f3rmase o usuario que todos os datos que nos proporcione directamente a trav\u00e9s dos recursos dispo\u00f1ibles na web, requirir\u00e1n o seu previo e expreso consentimento, e ser\u00e1n tratados de forma confidencial quedando incorporados a un ficheiro titularidade de VALORA. Esta xesti\u00f3n dos datos persoais ser\u00e1 coa finalidade \u00fanica de xestionar as achegas econ\u00f3micas ofrecidas no marco do Proxecto CONVOCATORIA DE AXUDAS DA FUNDACI\u00d3N EMALCSA, atender \u00e1s solicitudes e cuesti\u00f3ns que nos expo\u00f1a o usuario en relaci\u00f3n \u00e1s mesmas e a remitir ou requirir informaci\u00f3n complementaria conforme \u00e1s bases da achega econ\u00f3mica publicadas neste sitio web, por v\u00eda ordinaria ou electr\u00f3nica, non sendo utilizados para finalidades incompatibles con estas.<br \/>\nVALORA presume que os datos foron introducidos polo seu titular ou por persoa autorizada por este, as\u00ed como que son correctos e exactos. O usuario que facilite informaci\u00f3n de car\u00e1cter persoal responsabil\u00edzase da veracidade dos datos facilitados.<br \/>\nDevanditos datos ser\u00e1n tratados adoptando os niveis de seguridade adecuados conforme \u00e1 lexislaci\u00f3n vixente en materia de protecci\u00f3n de datos persoais. VALORA estableceu todos os medios t\u00e9cnicos ao seu alcance para evitar a perda, mal uso, alteraci\u00f3n, acceso non autorizado e roubo dos datos que facilite, en cumprimento da s\u00faa obrigaci\u00f3n de secreto e confidencialidade, sen prexu\u00edzo de que as medidas de seguridade na internet non sexan inexpugnables.<br \/>\nVALORA CONSULTORES SL, como responsable dos datos persoais e do seu tratamento, comprom\u00e9tese a respectar a confidencialidade da s\u00faa informaci\u00f3n de car\u00e1cter persoal e a garantir o exercicio dos seus dereitos de acceso, rectificaci\u00f3n, cancelaci\u00f3n e oposici\u00f3n por medio de escrito dirixido \u00e1 s\u00faa direcci\u00f3n (C\/ Avenida Calvo Sotelo, 19. 15004 A Coru\u00f1a) ou por correo electr\u00f3nico \u00e1 direcci\u00f3n (info@valoraconsultores.com) en ambos os casos achegando copia do documento acreditativo da s\u00faa identidade (DNI ou pasaporte).<br \/>\n#De acordo con a Lei de Comercio Electr\u00f3nico, o usuario poder\u00e1 exclu\u00edr a posibilidade de recibir futuros correos electr\u00f3nicos relacionados con esta achega econ\u00f3mica d\u00e1ndose de baixa na direcci\u00f3n de correo electr\u00f3nico de VALORA CONSULTORES, S.L. (info@valoraconsultores.com).<br \/>\nPara maior aclaraci\u00f3n, lea con atenci\u00f3n a informaci\u00f3n adicional de protecci\u00f3n de datos previamente a facilitar calquera dato persoal.<br \/>\nVALORA se reserva a facultade de modificar a presente Pol\u00edtica de Privacidade para adaptala \u00e1s novidades lexislativas, xurisprudenciais ou de interpretaci\u00f3n da Axencia Espa\u00f1ola de Protecci\u00f3n de Datos. Neste caso, anunciar\u00e1 devanditos cambios indicando, claramente e coa debida antelaci\u00f3n, as modificaci\u00f3ns efectuadas e solicitando, no caso de que sexa necesario, a s\u00faa aceptaci\u00f3n dos devanditos cambios.<\/p>\n<h3>RESPONSABILIDADES<\/h3>\n<p>VALORA, como titular do sitio web, non ser\u00e1 en ning\u00fan caso responsable da veracidade, integridade ou actualizaci\u00f3n das informaci\u00f3ns que non sexan de elaboraci\u00f3n propia e das que se indique outra fonte, as\u00ed como tampouco das contidas noutros sitios web aos cales se poida acceder mediante ligaz\u00f3n desde este sitio web.<br \/>\nVALORA, en todo caso res\u00e9rvase o dereito para eliminar comentarios e\/o restrinxir a utilizaci\u00f3n do mesmo, sen aviso previo\/previo aviso, a calquera usuario que vulnere a legalidade vixente.<br \/>\nAs\u00ed mesmo, VALORA non \u00e9 responsable de calquera dano ou perda resultante dun ataque de denegaci\u00f3n de servizo, virus ou calquera outro programa ou material tecnoloxicamente prexudicial ou dani\u00f1o que poida afectar o seu computador, equipo inform\u00e1tico, datos ou materiais como consecuencia do uso da nosa p\u00e1xina web ou da descarga de contidos da mesma.<\/p>\n<h3>PROPIEDADE INTELECTUAL E INDUSTRIAL<\/h3>\n<p>Os dereitos de propiedade intelectual ou industrial, segundo sexa o caso, sobre todos os contidos, informaci\u00f3ns, textos, gr\u00e1ficos, imaxes marcas, logotipos, dese\u00f1o, software, c\u00f3digos fonte, bases de datos, programas de computador, marcas, as\u00ed como calquera outro que puidese estar incorporado a este sitio web, son de titularidade de VALORA ou, noutro caso, est\u00e1n a ser utilizados por esta entidade coa correspondente autorizaci\u00f3n ou cesi\u00f3n de dereitos dos seus respectivos titulares.<br \/>\nToda a informaci\u00f3n que se reciba na web, como comentarios, suxerencias ou ideas, considerarase cedida a VALORA de maneira gratu\u00edta.<br \/>\nMediante estas condici\u00f3ns xerais non se cede ning\u00fan dereito de propiedade intelectual ou industrial sobre o presente sitio web nin sobre ning\u00fan dos seus elementos integrantes ou contidos. Queda expresamente prohibido ao usuario a reproduci\u00f3n, transformaci\u00f3n, distribuci\u00f3n, comunicaci\u00f3n p\u00fablica, posta a disposici\u00f3n, extracci\u00f3n, reenv\u00edo ou a utilizaci\u00f3n de calquera natureza, por calquera medio ou procedemento, do citado sitio web ou de calquera dos seus contidos ou elementos integrantes, salvo nos casos en que se autorice expresamente polo titular dos dereitos ou estea legalmente permitido.<br \/>\nAdemais dos referidos dereitos de propiedade intelectual e industrial, a realizaci\u00f3n das condutas anteriormente descritas pode, igualmente, supo\u00f1er, unha infracci\u00f3n da normativa de protecci\u00f3n de datos, de protecci\u00f3n do dereito \u00e1 intimidade, \u00e1 honra e \u00e1 propia imaxe, ou de calquera outra norma que resulte de aplicaci\u00f3n.<br \/>\nIgualmente, inf\u00f3rmase os usuarios deste sitio web que a infracci\u00f3n dalg\u00fan dos dereitos anteriormente mencionados permite ao titular dos mesmos o exercicio de todas as acci\u00f3ns legais pertinentes que procedan na defensa dos seus lex\u00edtimos intereses.<\/p>\n<h3>LEY APLICABLE E XURISDICCI\u00d3N<\/h3>\n<p>VALORA e o usuario acordan expresamente que todas as cuesti\u00f3ns que puidesen derivarse do acceso e\/o uso da s\u00faa p\u00e1xina web entenderanse reguladas e interpretadas de conformidade coa lexislaci\u00f3n espa\u00f1ola.<br \/>\nPara calquera litixio que puidese xurdir relacionado co sitio web ou a actividade que nel desenv\u00f3lvese, ser\u00e1n competentes os Xulgados e Tribunais de Madrid, renunciando expresamente o usuario e VALORA a calquera outro foro que puidese corresponderlles.<\/p>\n<h3>POL\u00cdTICA DE COOKIES<\/h3>\n<p>Coa finalidade de ofrecerlle o mellor servizo e co obxecto de facilitar o uso, anal\u00edzanse o n\u00famero de p\u00e1xinas visitadas, o n\u00famero de visitas, as\u00ed como a actividade dos visitantes e a s\u00faa frecuencia de utilizaci\u00f3n. Para estes efectos, VALORA pola s\u00faa propia conta ou a dun terceiro contratado para prestaci\u00f3n de servizos de medici\u00f3n, poden utilizar cookies cando o usuario navega polo sitio web. As cookies son ficheiros enviados ao navegador por medio dun servizo web coa finalidade de rexistrar as actividades do usuario durante o seu tempo de navegaci\u00f3n.<br \/>\nAs cookies utilizadas as\u00f3cianse unicamente cun usuario an\u00f3nimo e o seu computador, e non proporcionan por si mesmas os datos persoais do usuario.<br \/>\nMediante o uso das cookies resulta posible que o servidor onde se atopa a web, reco\u00f1eza o navegador utilizado polo usuario coa finalidade de que a navegaci\u00f3n sexa m\u00e1is sinxela. Util\u00edzanse tam\u00e9n para medir a audiencia e par\u00e1metros do tr\u00e1fico, controlar o proceso e n\u00famero de entradas.<br \/>\nO usuario ten a posibilidade de configurar o seu navegador para ser avisado da recepci\u00f3n de cookies e para impedir a instalaci\u00f3n no seu equipo. Por favor, consulte as instruci\u00f3ns e manuais do seu navegador para ampliar esta informaci\u00f3n.<br \/>\nPara utilizar o sitio web non \u00e9 necesario que o usuario permita a instalaci\u00f3n das cookies enviadas ao sitio web, ou o terceiro que act\u00fae no seu nome, sen prexu\u00edzo de que sexa necesario que o usuario inicie unha sesi\u00f3n tal en cada un dos servizos cuxa prestaci\u00f3n requira o previo rexistro.<br \/>\nEn todo caso, as cookies te\u00f1en un car\u00e1cter temporal coa \u00fanica finalidade de facer m\u00e1is eficaz a s\u00faa transmisi\u00f3n ulterior. En ning\u00fan caso utilizarase cookies para recoller informaci\u00f3n de car\u00e1cter persoal.<\/p>\n<h3><\/h3>\n<p>&nbsp;<\/p>\n<\/div>\n<\/div>\n<\/div>\n<\/div><\/div><\/div><\/div><\/div><\/div><\/div>","protected":false},"excerpt":{"rendered":"<p>AVISO LEGAL &nbsp; &nbsp; A utilizaci\u00f3n do sitio web implica a aceptaci\u00f3n [&hellip;]<\/p>\n","protected":false},"author":1,"featured_media":0,"parent":0,"menu_order":0,"comment_status":"closed","ping_status":"closed","template":"page-templates\/page_fullwidth.php","meta":[],"yoast_head":"<!-- This site is optimized with the Yoast SEO plugin v18.4.1 - https:\/\/yoast.com\/wordpress\/plugins\/seo\/ -->\n<title>Aviso Legal - CONVOCATORIA DE AYUDAS FUNDACI\u00d3N EMALCSA<\/title>\n<meta name=\"description\" content=\"Gesti\u00f3n de aportaciones econ\u00f3micas para profesionales del sector audiovisual afectados por la crisis de la COVID-19.\" \/>\n<meta name=\"robots\" content=\"index, follow, max-snippet:-1, max-image-preview:large, max-video-preview:-1\" \/>\n<link rel=\"canonical\" href=\"https:\/\/convocatorias.fundacionemalcsa.es\/index.php\/aviso-legal\/\" \/>\n<meta property=\"og:locale\" content=\"es_ES\" \/>\n<meta property=\"og:type\" content=\"article\" \/>\n<meta property=\"og:title\" content=\"Aviso Legal - CONVOCATORIA DE AYUDAS FUNDACI\u00d3N EMALCSA\" \/>\n<meta property=\"og:description\" content=\"Gesti\u00f3n de aportaciones econ\u00f3micas para profesionales del sector audiovisual afectados por la crisis de la COVID-19.\" \/>\n<meta property=\"og:url\" content=\"https:\/\/convocatorias.fundacionemalcsa.es\/index.php\/aviso-legal\/\" \/>\n<meta property=\"og:site_name\" content=\"CONVOCATORIA DE AYUDAS FUNDACI\u00d3N EMALCSA\" \/>\n<meta property=\"article:modified_time\" content=\"2024-05-27T13:18:43+00:00\" \/>\n<meta name=\"twitter:card\" content=\"summary_large_image\" \/>\n<meta name=\"twitter:label1\" content=\"Tiempo de lectura\" \/>\n\t<meta name=\"twitter:data1\" content=\"9 minutos\" \/>\n<script type=\"application\/ld+json\" class=\"yoast-schema-graph\">{\"@context\":\"https:\/\/schema.org\",\"@graph\":[{\"@type\":\"WebSite\",\"@id\":\"https:\/\/convocatorias.fundacionemalcsa.es\/#website\",\"url\":\"https:\/\/convocatorias.fundacionemalcsa.es\/\",\"name\":\"CONVOCATORIA DE AYUDAS FUNDACI\u00d3N EMALCSA\",\"description\":\"Convocatoria Emalcsa\",\"potentialAction\":[{\"@type\":\"SearchAction\",\"target\":{\"@type\":\"EntryPoint\",\"urlTemplate\":\"https:\/\/convocatorias.fundacionemalcsa.es\/?s={search_term_string}\"},\"query-input\":\"required name=search_term_string\"}],\"inLanguage\":\"es\"},{\"@type\":\"WebPage\",\"@id\":\"https:\/\/convocatorias.fundacionemalcsa.es\/index.php\/aviso-legal\/#webpage\",\"url\":\"https:\/\/convocatorias.fundacionemalcsa.es\/index.php\/aviso-legal\/\",\"name\":\"Aviso Legal - CONVOCATORIA DE AYUDAS FUNDACI\u00d3N EMALCSA\",\"isPartOf\":{\"@id\":\"https:\/\/convocatorias.fundacionemalcsa.es\/#website\"},\"datePublished\":\"2020-05-04T15:06:33+00:00\",\"dateModified\":\"2024-05-27T13:18:43+00:00\",\"description\":\"Gesti\u00f3n de aportaciones econ\u00f3micas para profesionales del sector audiovisual afectados por la crisis de la COVID-19.\",\"breadcrumb\":{\"@id\":\"https:\/\/convocatorias.fundacionemalcsa.es\/index.php\/aviso-legal\/#breadcrumb\"},\"inLanguage\":\"es\",\"potentialAction\":[{\"@type\":\"ReadAction\",\"target\":[\"https:\/\/convocatorias.fundacionemalcsa.es\/index.php\/aviso-legal\/\"]}]},{\"@type\":\"BreadcrumbList\",\"@id\":\"https:\/\/convocatorias.fundacionemalcsa.es\/index.php\/aviso-legal\/#breadcrumb\",\"itemListElement\":[{\"@type\":\"ListItem\",\"position\":1,\"name\":\"Portada\",\"item\":\"https:\/\/convocatorias.fundacionemalcsa.es\/\"},{\"@type\":\"ListItem\",\"position\":2,\"name\":\"Aviso Legal\"}]}]}<\/script>\n<!-- \/ Yoast SEO plugin. -->","yoast_head_json":{"title":"Aviso Legal - CONVOCATORIA DE AYUDAS FUNDACI\u00d3N EMALCSA","description":"Gesti\u00f3n de aportaciones econ\u00f3micas para profesionales del sector audiovisual afectados por la crisis de la COVID-19.","robots":{"index":"index","follow":"follow","max-snippet":"max-snippet:-1","max-image-preview":"max-image-preview:large","max-video-preview":"max-video-preview:-1"},"canonical":"https:\/\/convocatorias.fundacionemalcsa.es\/index.php\/aviso-legal\/","og_locale":"es_ES","og_type":"article","og_title":"Aviso Legal - CONVOCATORIA DE AYUDAS FUNDACI\u00d3N EMALCSA","og_description":"Gesti\u00f3n de aportaciones econ\u00f3micas para profesionales del sector audiovisual afectados por la crisis de la COVID-19.","og_url":"https:\/\/convocatorias.fundacionemalcsa.es\/index.php\/aviso-legal\/","og_site_name":"CONVOCATORIA DE AYUDAS FUNDACI\u00d3N EMALCSA","article_modified_time":"2024-05-27T13:18:43+00:00","twitter_card":"summary_large_image","twitter_misc":{"Tiempo de lectura":"9 minutos"},"schema":{"@context":"https:\/\/schema.org","@graph":[{"@type":"WebSite","@id":"https:\/\/convocatorias.fundacionemalcsa.es\/#website","url":"https:\/\/convocatorias.fundacionemalcsa.es\/","name":"CONVOCATORIA DE AYUDAS FUNDACI\u00d3N EMALCSA","description":"Convocatoria Emalcsa","potentialAction":[{"@type":"SearchAction","target":{"@type":"EntryPoint","urlTemplate":"https:\/\/convocatorias.fundacionemalcsa.es\/?s={search_term_string}"},"query-input":"required name=search_term_string"}],"inLanguage":"es"},{"@type":"WebPage","@id":"https:\/\/convocatorias.fundacionemalcsa.es\/index.php\/aviso-legal\/#webpage","url":"https:\/\/convocatorias.fundacionemalcsa.es\/index.php\/aviso-legal\/","name":"Aviso Legal - CONVOCATORIA DE AYUDAS FUNDACI\u00d3N EMALCSA","isPartOf":{"@id":"https:\/\/convocatorias.fundacionemalcsa.es\/#website"},"datePublished":"2020-05-04T15:06:33+00:00","dateModified":"2024-05-27T13:18:43+00:00","description":"Gesti\u00f3n de aportaciones econ\u00f3micas para profesionales del sector audiovisual afectados por la crisis de la COVID-19.","breadcrumb":{"@id":"https:\/\/convocatorias.fundacionemalcsa.es\/index.php\/aviso-legal\/#breadcrumb"},"inLanguage":"es","potentialAction":[{"@type":"ReadAction","target":["https:\/\/convocatorias.fundacionemalcsa.es\/index.php\/aviso-legal\/"]}]},{"@type":"BreadcrumbList","@id":"https:\/\/convocatorias.fundacionemalcsa.es\/index.php\/aviso-legal\/#breadcrumb","itemListElement":[{"@type":"ListItem","position":1,"name":"Portada","item":"https:\/\/convocatorias.fundacionemalcsa.es\/"},{"@type":"ListItem","position":2,"name":"Aviso Legal"}]}]}},"_links":{"self":[{"href":"https:\/\/convocatorias.fundacionemalcsa.es\/index.php\/wp-json\/wp\/v2\/pages\/188"}],"collection":[{"href":"https:\/\/convocatorias.fundacionemalcsa.es\/index.php\/wp-json\/wp\/v2\/pages"}],"about":[{"href":"https:\/\/convocatorias.fundacionemalcsa.es\/index.php\/wp-json\/wp\/v2\/types\/page"}],"author":[{"embeddable":true,"href":"https:\/\/convocatorias.fundacionemalcsa.es\/index.php\/wp-json\/wp\/v2\/users\/1"}],"replies":[{"embeddable":true,"href":"https:\/\/convocatorias.fundacionemalcsa.es\/index.php\/wp-json\/wp\/v2\/comments?post=188"}],"version-history":[{"count":40,"href":"https:\/\/convocatorias.fundacionemalcsa.es\/index.php\/wp-json\/wp\/v2\/pages\/188\/revisions"}],"predecessor-version":[{"id":1571,"href":"https:\/\/convocatorias.fundacionemalcsa.es\/index.php\/wp-json\/wp\/v2\/pages\/188\/revisions\/1571"}],"wp:attachment":[{"href":"https:\/\/convocatorias.fundacionemalcsa.es\/index.php\/wp-json\/wp\/v2\/media?parent=188"}],"curies":[{"name":"wp","href":"https:\/\/api.w.org\/{rel}","templated":true}]}}