{"id":1687,"date":"2024-05-31T10:48:00","date_gmt":"2024-05-31T08:48:00","guid":{"rendered":"https:\/\/convocatorias.fundacionemalcsa.es\/?page_id=1687"},"modified":"2024-05-31T10:48:00","modified_gmt":"2024-05-31T08:48:00","slug":"aportacion-documentacion","status":"publish","type":"page","link":"https:\/\/convocatorias.fundacionemalcsa.es\/index.php\/es\/aportacion-documentacion\/","title":{"rendered":"Aportaci\u00f3n Documentaci\u00f3n"},"content":{"rendered":"<div id=\"pl-1687\"  class=\"panel-layout\" ><div id=\"pg-1687-0\"  class=\"panel-grid panel-has-style\" ><div style=\"padding: 100px 0; \" data-overlay=\"true\" data-overlay-color=\"#000000\" class=\"panel-row-style panel-row-style-for-1687-0\" ><div id=\"pgc-1687-0-0\"  class=\"panel-grid-cell\" ><div id=\"panel-1687-0-0-0\" class=\"widget_text so-panel widget widget_custom_html panel-first-child\" data-index=\"0\" ><div style=\"text-align: left;\" data-title-color=\"#443f3f\" data-headings-color=\"#443f3f\" class=\"widget_text panel-widget-style panel-widget-style-for-1687-0-0-0\" ><div class=\"textwidget custom-html-widget\"><img class=\"size-full wp-image-338 aligncenter\" src=\"\/wp-content\/uploads\/2020\/05\/3-pasos.jpg\" alt=\"\" width=\"1425\" height=\"324\" \/><\/div><\/div><\/div><div id=\"panel-1687-0-0-1\" class=\"so-panel widget widget_text\" data-index=\"1\" ><div style=\"text-align: left;\" data-title-color=\"#443f3f\" data-headings-color=\"#443f3f\" class=\"panel-widget-style panel-widget-style-for-1687-0-0-1\" >\t\t\t<div class=\"textwidget\"><h1>Aportaci\u00f3n de Documentaci\u00f3n<\/h1>\n<\/div>\n\t\t<\/div><\/div><div id=\"panel-1687-0-0-2\" class=\"so-panel widget widget_sow-editor panel-last-child\" data-index=\"2\" ><div style=\"text-align: left;\" data-title-color=\"#443f3f\" data-headings-color=\"#443f3f\" class=\"panel-widget-style panel-widget-style-for-1687-0-0-2\" ><div\n\t\t\t\n\t\t\tclass=\"so-widget-sow-editor so-widget-sow-editor-base\"\n\t\t\t\n\t\t>\n<div class=\"siteorigin-widget-tinymce textwidget\">\n\t<div class=\"wpforms-container-save-resume\"><div class=\"wpforms-container wpforms-container-full\" id=\"wpforms-1618\"><form id=\"wpforms-form-1618\" class=\"wpforms-validate wpforms-form\" data-formid=\"1618\" method=\"post\" enctype=\"multipart\/form-data\" action=\"\/index.php\/wp-json\/wp\/v2\/pages\/1687?wpforms_form_id=1618\" data-token=\"d6d96f7f9b3683acb810b336dc507a6c\"><noscript class=\"wpforms-error-noscript\">Por favor, activa JavaScript en tu navegador para completar este formulario.<\/noscript><div class=\"wpforms-field-container\"><div id=\"wpforms-1618-field_133-container\" class=\"wpforms-field wpforms-field-content\" data-field-id=\"133\"><div id=\"wpforms-1618-field_133\" class=\"wpforms-field-medium wpforms-field-row\" name=\"wpforms[fields][133]\"><h4>ATENCI\u00d3N<\/h4>\n<p><span class=\"wpforms-form-desc\">Si hace uso del bot\u00f3n \"Guardar y reanudar m\u00e1s tarde\", tenga en cuenta que los campos de texto ser\u00e1n procesados y guardados en su solicitud, pero los archivos subidos no ser\u00e1n almacenados. <\/span><\/p>\n<div class=\"wpforms-field-content-display-frontend-clear\"><\/div><\/div><\/div><div id=\"wpforms-1618-field_98-container\" class=\"wpforms-field wpforms-field-select wpforms-field-select-style-classic\" data-field-id=\"98\"><label class=\"wpforms-field-label\" for=\"wpforms-1618-field_98\">Convocatoria en la que est\u00e1 participando <span class=\"wpforms-required-label\">*<\/span><\/label><select id=\"wpforms-1618-field_98\" class=\"wpforms-field-medium wpforms-field-required\" name=\"wpforms[fields][98]\" required=\"required\"><option value=\"XI Convocatoria Deporte Solidario e Inclusivo 2024\/2025\" >XI Convocatoria Deporte Solidario e Inclusivo 2024\/2025<\/option><option value=\"IX Convocatoria Cultura Accesible e Inclusiva 2024\/2025\" >IX Convocatoria Cultura Accesible e Inclusiva 2024\/2025<\/option><option value=\"XII Convocatoria Deporte Solidario e Inclusivo 2025\/2026\" >XII Convocatoria Deporte Solidario e Inclusivo 2025\/2026<\/option><option value=\"X Convocatoria Cultura Accesible e Inclusiva 2025\/2026\" >X Convocatoria Cultura Accesible e Inclusiva 2025\/2026<\/option><\/select><\/div><div id=\"wpforms-1618-field_131-container\" class=\"wpforms-field wpforms-field-text\" data-field-id=\"131\"><label class=\"wpforms-field-label\" for=\"wpforms-1618-field_131\">Denominaci\u00f3n oficial de la entidad <span class=\"wpforms-required-label\">*<\/span><\/label><input type=\"text\" id=\"wpforms-1618-field_131\" class=\"wpforms-field-medium wpforms-field-required\" name=\"wpforms[fields][131]\" required><div class=\"wpforms-field-description\">Nombre oficial de la entidad que presenta la documentaci\u00f3n.<\/div><\/div><div id=\"wpforms-1618-field_129-container\" class=\"wpforms-field wpforms-field-text\" data-field-id=\"129\"><label class=\"wpforms-field-label\" for=\"wpforms-1618-field_129\">NIF <span class=\"wpforms-required-label\">*<\/span><\/label><input type=\"text\" id=\"wpforms-1618-field_129\" class=\"wpforms-field-small wpforms-field-required wpforms-masked-input wpforms-limit-characters-enabled\" data-rule-inputmask-incomplete=\"1\" data-inputmask-mask=\"A-99999999\" data-form-id=\"1618\" data-field-id=\"129\" data-text-limit=\"10\" name=\"wpforms[fields][129]\" maxlength=\"10\" required><\/div><div id=\"wpforms-1618-field_141-container\" class=\"wpforms-field wpforms-field-select wpforms-field-select-style-classic\" data-field-id=\"141\"><label class=\"wpforms-field-label\" for=\"wpforms-1618-field_141\">Motivo de la presentaci\u00f3n de documentaci\u00f3n <span class=\"wpforms-required-label\">*<\/span><\/label><select id=\"wpforms-1618-field_141\" class=\"wpforms-field-medium wpforms-field-required\" name=\"wpforms[fields][141]\" required=\"required\"><option value=\"Subsanaci\u00f3n de solicitud\" >Subsanaci\u00f3n de solicitud<\/option><option value=\"Consultas\/alegaciones\" >Consultas\/alegaciones<\/option><option value=\"Reformulaci\u00f3n de proyecto\" >Reformulaci\u00f3n de proyecto<\/option><option value=\"Solicitud de autorizaci\u00f3n\" >Solicitud de autorizaci\u00f3n<\/option><option value=\"Subsanaci\u00f3n justificaci\u00f3n\" >Subsanaci\u00f3n justificaci\u00f3n<\/option><option value=\"Programaci\u00f3n de actividades\" >Programaci\u00f3n de actividades<\/option><option value=\"Evaluaci\u00f3n intermedia\" >Evaluaci\u00f3n intermedia<\/option><option value=\"Otros\" >Otros<\/option><\/select><div class=\"wpforms-field-description\">Seleccione la fase de la convocatoria para la cual est\u00e1 enviando documentaci\u00f3n. Si ninguna de las opciones disponibles es aplicable, elija \"Otros\" y describa el motivo en el campo inferior (\"Informaci\u00f3n relacionada con la documentaci\u00f3n presentada\").<\/div><\/div><div id=\"wpforms-1618-field_139-container\" class=\"wpforms-field wpforms-field-textarea\" data-field-id=\"139\"><label class=\"wpforms-field-label\" for=\"wpforms-1618-field_139\">Informaci\u00f3n relacionada con la documentaci\u00f3n presentada<\/label><textarea id=\"wpforms-1618-field_139\" class=\"wpforms-field-medium\" name=\"wpforms[fields][139]\" ><\/textarea><div class=\"wpforms-field-description\">Describa la documentaci\u00f3n que est\u00e1 presentado y cualquier comentario que considere relevante para facilitar su revisi\u00f3n y valoraci\u00f3n.<\/div><\/div><div id=\"wpforms-1618-field_87-container\" class=\"wpforms-field wpforms-field-file-upload\" data-field-id=\"87\"><label class=\"wpforms-field-label\" for=\"wpforms-1618-field_87\">Documentaci\u00f3n requerida<\/label><div\n\t\tclass=\"wpforms-uploader\"\n\t\tdata-field-id=\"87\"\n\t\tdata-form-id=\"1618\"\n\t\tdata-input-name=\"wpforms_1618_87\"\n\t\tdata-extensions=\"jpg,jpeg,jpe,gif,png,bmp,tiff,tif,webp,ico,heic,asf,asx,wmv,wmx,wm,avi,divx,mov,qt,mpeg,mpg,mpe,mp4,m4v,ogv,webm,mkv,3gp,3gpp,3g2,3gp2,txt,asc,c,cc,h,srt,csv,tsv,ics,rtx,css,vtt,mp3,m4a,m4b,aac,ra,ram,wav,ogg,oga,flac,mid,midi,wma,wax,mka,rtf,pdf,class,tar,zip,gz,gzip,rar,7z,psd,xcf,doc,pot,pps,ppt,wri,xla,xls,xlt,xlw,mpp,docx,docm,dotx,dotm,xlsx,xlsm,xlsb,xltx,xltm,xlam,pptx,pptm,ppsx,ppsm,potx,potm,ppam,sldx,sldm,onetoc,onetoc2,onepkg,oxps,xps,odt,odp,ods,odg,odc,odb,odf,wp,wpd,key,numbers,pages\"\n\t\tdata-max-size=\"52428800\"\n\t\tdata-max-file-number=\"20\"\n\t\tdata-post-max-size=\"50331648\"\n\t\tdata-max-parallel-uploads=\"4\"\n\t\tdata-parallel-uploads=\"true\"\n\t\tdata-file-chunk-size=\"2097152\">\n\t<div class=\"dz-message\">\n\t\t<svg viewBox=\"0 0 1024 1024\" focusable=\"false\" data-icon=\"inbox\" width=\"50px\" height=\"50px\" fill=\"#b1b1b1\" aria-hidden=\"true\">\n\t\t\t<path d=\"M885.2 446.3l-.2-.8-112.2-285.1c-5-16.1-19.9-27.2-36.8-27.2H281.2c-17 0-32.1 11.3-36.9 27.6L139.4 443l-.3.7-.2.8c-1.3 4.9-1.7 9.9-1 14.8-.1 1.6-.2 3.2-.2 4.8V830a60.9 60.9 0 0 0 60.8 60.8h627.2c33.5 0 60.8-27.3 60.9-60.8V464.1c0-1.3 0-2.6-.1-3.7.4-4.9 0-9.6-1.3-14.1zm-295.8-43l-.3 15.7c-.8 44.9-31.8 75.1-77.1 75.1-22.1 0-41.1-7.1-54.8-20.6S436 441.2 435.6 419l-.3-15.7H229.5L309 210h399.2l81.7 193.3H589.4zm-375 76.8h157.3c24.3 57.1 76 90.8 140.4 90.8 33.7 0 65-9.4 90.3-27.2 22.2-15.6 39.5-37.4 50.7-63.6h156.5V814H214.4V480.1z\"><\/path>\n\t\t<\/svg>\n\t\t<span class=\"modern-title\">Haz clic o arrastra archivos a este \u00e1rea para subirlos.<\/span>\n\n\t\t\t\t\t<span class=\"modern-hint\">Puedes subir hasta 20 archivos.<\/span>\n\t\t\t<\/div>\n<\/div>\n<input\n\t\ttype=\"text\"\n\t\tautocomplete=\"off\"\n\t\tclass=\"dropzone-input\"\n\t\tstyle=\"position:absolute!important;clip:rect(0,0,0,0)!important;height:1px!important;width:1px!important;border:0!important;overflow:hidden!important;padding:0!important;margin:0!important;\"\n\t\tid=\"wpforms-1618-field_87\"\n\t\tname=\"wpforms_1618_87\" \t\tvalue=\"\">\n<div class=\"wpforms-field-description\">Aporte la documentaci\u00f3n requerida para la tramitaci\u00f3n de la convocatoria.<\/div><\/div><div id=\"wpforms-1618-field_85-container\" class=\"wpforms-field wpforms-field-file-upload\" data-field-id=\"85\"><label class=\"wpforms-field-label\" for=\"wpforms-1618-field_85\">Otra documentaci\u00f3n<\/label><div\n\t\tclass=\"wpforms-uploader\"\n\t\tdata-field-id=\"85\"\n\t\tdata-form-id=\"1618\"\n\t\tdata-input-name=\"wpforms_1618_85\"\n\t\tdata-extensions=\"jpg,jpeg,jpe,gif,png,bmp,tiff,tif,webp,ico,heic,asf,asx,wmv,wmx,wm,avi,divx,mov,qt,mpeg,mpg,mpe,mp4,m4v,ogv,webm,mkv,3gp,3gpp,3g2,3gp2,txt,asc,c,cc,h,srt,csv,tsv,ics,rtx,css,vtt,mp3,m4a,m4b,aac,ra,ram,wav,ogg,oga,flac,mid,midi,wma,wax,mka,rtf,pdf,class,tar,zip,gz,gzip,rar,7z,psd,xcf,doc,pot,pps,ppt,wri,xla,xls,xlt,xlw,mpp,docx,docm,dotx,dotm,xlsx,xlsm,xlsb,xltx,xltm,xlam,pptx,pptm,ppsx,ppsm,potx,potm,ppam,sldx,sldm,onetoc,onetoc2,onepkg,oxps,xps,odt,odp,ods,odg,odc,odb,odf,wp,wpd,key,numbers,pages\"\n\t\tdata-max-size=\"52428800\"\n\t\tdata-max-file-number=\"20\"\n\t\tdata-post-max-size=\"50331648\"\n\t\tdata-max-parallel-uploads=\"4\"\n\t\tdata-parallel-uploads=\"true\"\n\t\tdata-file-chunk-size=\"2097152\">\n\t<div class=\"dz-message\">\n\t\t<svg viewBox=\"0 0 1024 1024\" focusable=\"false\" data-icon=\"inbox\" width=\"50px\" height=\"50px\" fill=\"#b1b1b1\" aria-hidden=\"true\">\n\t\t\t<path d=\"M885.2 446.3l-.2-.8-112.2-285.1c-5-16.1-19.9-27.2-36.8-27.2H281.2c-17 0-32.1 11.3-36.9 27.6L139.4 443l-.3.7-.2.8c-1.3 4.9-1.7 9.9-1 14.8-.1 1.6-.2 3.2-.2 4.8V830a60.9 60.9 0 0 0 60.8 60.8h627.2c33.5 0 60.8-27.3 60.9-60.8V464.1c0-1.3 0-2.6-.1-3.7.4-4.9 0-9.6-1.3-14.1zm-295.8-43l-.3 15.7c-.8 44.9-31.8 75.1-77.1 75.1-22.1 0-41.1-7.1-54.8-20.6S436 441.2 435.6 419l-.3-15.7H229.5L309 210h399.2l81.7 193.3H589.4zm-375 76.8h157.3c24.3 57.1 76 90.8 140.4 90.8 33.7 0 65-9.4 90.3-27.2 22.2-15.6 39.5-37.4 50.7-63.6h156.5V814H214.4V480.1z\"><\/path>\n\t\t<\/svg>\n\t\t<span class=\"modern-title\">Haz clic o arrastra archivos a este \u00e1rea para subirlos.<\/span>\n\n\t\t\t\t\t<span class=\"modern-hint\">Puedes subir hasta 20 archivos.<\/span>\n\t\t\t<\/div>\n<\/div>\n<input\n\t\ttype=\"text\"\n\t\tautocomplete=\"off\"\n\t\tclass=\"dropzone-input\"\n\t\tstyle=\"position:absolute!important;clip:rect(0,0,0,0)!important;height:1px!important;width:1px!important;border:0!important;overflow:hidden!important;padding:0!important;margin:0!important;\"\n\t\tid=\"wpforms-1618-field_85\"\n\t\tname=\"wpforms_1618_85\" \t\tvalue=\"\">\n<div class=\"wpforms-field-description\">Si desea presentar documentos adicionales para que  consten en su expediente, puede aportarlos aqu\u00ed<\/div><\/div><div id=\"wpforms-1618-field_36-container\" class=\"wpforms-field wpforms-field-checkbox\" data-field-id=\"36\"><label class=\"wpforms-field-label\" for=\"wpforms-1618-field_36\">Antes de enviar el presente formulario, debe leer la informaci\u00f3n b\u00e1sica sobre protecci\u00f3n de datos <span class=\"wpforms-required-label\">*<\/span><\/label><ul id=\"wpforms-1618-field_36\" class=\"wpforms-field-required\"><li class=\"choice-1 depth-1\"><input type=\"checkbox\" id=\"wpforms-1618-field_36_1\" name=\"wpforms[fields][36][]\" value=\"He le\u00eddo y acepto la &lt;a target=&quot;_blank&quot; href=&quot;\/wp-content\/uploads\/2023\/02\/POLITICA-DE-PRIVACIDAD-Y-PROTECCION-DE-DATOS-PERSONALES-VALORA.pdf&quot;&gt;Pol\u00edtica de Privacidad y Protecci\u00f3n de Datos &lt;\/a&gt; por lo que presto mi conformidad a su tratamiento seg\u00fan las finalidades y servicios que refleja.\" required ><label class=\"wpforms-field-label-inline\" for=\"wpforms-1618-field_36_1\">He le\u00eddo y acepto la <a target=\"_blank\" href=\"\/wp-content\/uploads\/2023\/02\/POLITICA-DE-PRIVACIDAD-Y-PROTECCION-DE-DATOS-PERSONALES-VALORA.pdf\">Pol\u00edtica de Privacidad y Protecci\u00f3n de Datos <\/a> por lo que presto mi conformidad a su tratamiento seg\u00fan las finalidades y servicios que refleja.<\/label><\/li><\/ul><\/div><div id=\"wpforms-1618-field_37-container\" class=\"wpforms-field wpforms-field-checkbox\" data-field-id=\"37\"><label class=\"wpforms-field-label\" for=\"wpforms-1618-field_37\">Veracidad de la informaci\u00f3n <span class=\"wpforms-required-label\">*<\/span><\/label><ul id=\"wpforms-1618-field_37\" class=\"wpforms-field-required\"><li class=\"choice-1 depth-1\"><input type=\"checkbox\" id=\"wpforms-1618-field_37_1\" name=\"wpforms[fields][37][]\" value=\"Declaro que toda la informaci\u00f3n y documentaci\u00f3n aportada en este cuestionario es veraz.\" required ><label class=\"wpforms-field-label-inline\" for=\"wpforms-1618-field_37_1\">Declaro que toda la informaci\u00f3n y documentaci\u00f3n aportada en este cuestionario es veraz.<\/label><\/li><\/ul><\/div><div id=\"wpforms-1618-field_135-container\" class=\"wpforms-field wpforms-field-hidden\" data-field-id=\"135\"><input type=\"hidden\" id=\"wpforms-1618-field_135\" name=\"wpforms[fields][135]\" value=\"{unique_id}\"><\/div><\/div><div class=\"wpforms-field wpforms-field-hp\"><label for=\"wpforms-1618-field-hp\" class=\"wpforms-field-label\">Name<\/label><input type=\"text\" name=\"wpforms[hp]\" id=\"wpforms-1618-field-hp\" class=\"wpforms-field-medium\"><\/div><div class=\"wpforms-submit-container\"><input type=\"hidden\" name=\"wpforms[id]\" value=\"1618\"><input type=\"hidden\" name=\"wpforms[author]\" value=\"1\"><button type=\"submit\" name=\"wpforms[submit]\" id=\"wpforms-submit-1618\" class=\"wpforms-submit\" data-alt-text=\"Enviando...\" data-submit-text=\"Enviar\" aria-live=\"assertive\" value=\"wpforms-submit\">Enviar<\/button><a href=\"#\" class=\"wpforms-save-resume-button\"><span>Guardar y reanudar m\u00e1s tarde<\/span><\/a><\/div><\/form><\/div>  <!-- .wpforms-container -->\n\t\t<div class=\"wpforms-save-resume-confirmation\" style=\"display: none\">\n\n\t\t\t\n\t\t\t<div class='message'>\n\t\t\t\t<p>Tu entrada en el formulario se ha guardado y se ha creado un enlace \u00fanico al que puedes acceder para reanudar este formulario.<\/p>\n<p>Introduce tu direcci\u00f3n de correo electr\u00f3nico para recibir el enlace por correo electr\u00f3nico. Alternativamente, puedes copiar y guardar el enlace que aparece a continuaci\u00f3n.<\/p>\n<p>Por favor, ten en cuenta que este enlace no debe ser compartido y caducar\u00e1 en 30 d\u00edas, despu\u00e9s tu entrada en el formulario ser\u00e1 eliminada.<\/p>\n\t\t\t<\/div>\n\n\t\t\t<div class=\"wpforms-save-resume-actions\">\n\t\t\t\t\t\t\t\t\t<div class=\"wpforms-field\">\n\t\t\t\t\t<label class=\"wpforms-field-label wpforms-save-resume-label\">\n\t\t\t\t\t\tCopiar el enlace\t\t\t\t\t<\/label>\n\t\t\t\t\t<div class=\"wpforms-save-resume-shortcode-container\">\n\t\t\t\t\t\t<input type=\"text\" class=\"wpforms-save-resume-shortcode\" value=\"\" disabled \/>\n\t\t\t\t\t\t<span class=\"wpforms-save-resume-shortcode-copy\" title=\"Copiar el enlace de reanudar al portapapeles\">\n\t\t\t\t\t\t\t<span class=\"copy-icon\"><\/span>\n\t\t\t\t\t\t<\/span>\n\t\t\t\t\t<\/div>\n\t\t\t\t<\/div>\n\t\t\t\t\n\t\t\t\t\t\t\t\t\t<form class=\"wpforms-validate wpforms-form wpforms-save-resume-email-notification\" method=\"post\" action=\"\/index.php\/wp-json\/wp\/v2\/pages\/1687\" data-token=\"3f7c066389e923a4dfb07c8abf4d0f27\">\n\t\t\t\t\t\t<div class=\"wpforms-field wpforms-field-email\">\n\t\t\t\t\t\t\t<label class=\"wpforms-field-label wpforms-save-resume-label\">\n\t\t\t\t\t\t\t\tCorreo electr\u00f3nico\t\t\t\t\t\t\t\t<span class=\"wpforms-required-label\">*<\/span>\n\t\t\t\t\t\t\t<\/label>\n\t\t\t\t\t\t\t<input type=\"email\" name=\"wpforms[save_resume_email]\" required>\n\t\t\t\t\t\t<\/div>\n\t\t\t\t\t\t<div class=\"wpforms-submit-container\">\n\t\t\t\t\t\t\t<input type=\"hidden\" id=\"_wpnonce\" name=\"_wpnonce\" value=\"fa88730f21\" \/><input type=\"hidden\" name=\"_wp_http_referer\" value=\"\/index.php\/wp-json\/wp\/v2\/pages\/1687\" \/>\t\t\t\t\t\t\t<input type=\"hidden\" name=\"wpforms[form_id]\" value=\"1618\">\n\t\t\t\t\t\t\t<input type=\"hidden\" name=\"wpforms[entry_id]\" class=\"wpforms-save-resume-entry-id\" value=\"\">\n\t\t\t\t\t\t\t<button type=\"submit\" name=\"wpforms[save-resume]\" class=\"wpforms-submit\" value=\"wpforms-submit\" disabled>\n\t\t\t\t\t\t\t\tEnviar enlace\t\t\t\t\t\t\t<\/button>\n\t\t\t\t\t\t<\/div>\n\t\t\t\t\t<\/form>\n\t\t\t\t\t\t\t<\/div>\n\t\t<\/div>\n\n\t\t<\/div>\n<\/div>\n<\/div><\/div><\/div><\/div><\/div><\/div><\/div>","protected":false},"excerpt":{"rendered":"<p>Aportaci\u00f3n de Documentaci\u00f3n<\/p>\n","protected":false},"author":1,"featured_media":0,"parent":0,"menu_order":0,"comment_status":"closed","ping_status":"closed","template":"","meta":[],"yoast_head":"<!-- This site is optimized with the Yoast SEO plugin v18.4.1 - https:\/\/yoast.com\/wordpress\/plugins\/seo\/ -->\n<title>Aportaci\u00f3n Documentaci\u00f3n - CONVOCATORIA DE AYUDAS FUNDACI\u00d3N EMALCSA<\/title>\n<meta name=\"description\" content=\"Gesti\u00f3n de aportaciones econ\u00f3micas para profesionales del sector audiovisual afectados por la crisis de la COVID-19.\" \/>\n<meta name=\"robots\" content=\"index, follow, max-snippet:-1, max-image-preview:large, max-video-preview:-1\" \/>\n<link rel=\"canonical\" href=\"https:\/\/convocatorias.fundacionemalcsa.es\/index.php\/es\/aportacion-documentacion\/\" \/>\n<meta property=\"og:locale\" content=\"es_ES\" \/>\n<meta property=\"og:type\" content=\"article\" \/>\n<meta property=\"og:title\" content=\"Aportaci\u00f3n Documentaci\u00f3n - CONVOCATORIA DE AYUDAS FUNDACI\u00d3N EMALCSA\" \/>\n<meta property=\"og:description\" content=\"Gesti\u00f3n de aportaciones econ\u00f3micas para profesionales del sector audiovisual afectados por la crisis de la COVID-19.\" \/>\n<meta property=\"og:url\" content=\"https:\/\/convocatorias.fundacionemalcsa.es\/index.php\/es\/aportacion-documentacion\/\" \/>\n<meta property=\"og:site_name\" content=\"CONVOCATORIA DE AYUDAS FUNDACI\u00d3N EMALCSA\" \/>\n<meta name=\"twitter:card\" content=\"summary_large_image\" \/>\n<meta name=\"twitter:label1\" content=\"Tiempo de lectura\" \/>\n\t<meta name=\"twitter:data1\" content=\"1 minuto\" \/>\n<script type=\"application\/ld+json\" class=\"yoast-schema-graph\">{\"@context\":\"https:\/\/schema.org\",\"@graph\":[{\"@type\":\"WebSite\",\"@id\":\"https:\/\/convocatorias.fundacionemalcsa.es\/#website\",\"url\":\"https:\/\/convocatorias.fundacionemalcsa.es\/\",\"name\":\"CONVOCATORIA DE AYUDAS FUNDACI\u00d3N EMALCSA\",\"description\":\"Convocatoria Emalcsa\",\"potentialAction\":[{\"@type\":\"SearchAction\",\"target\":{\"@type\":\"EntryPoint\",\"urlTemplate\":\"https:\/\/convocatorias.fundacionemalcsa.es\/?s={search_term_string}\"},\"query-input\":\"required name=search_term_string\"}],\"inLanguage\":\"es\"},{\"@type\":\"WebPage\",\"@id\":\"https:\/\/convocatorias.fundacionemalcsa.es\/index.php\/es\/aportacion-documentacion\/#webpage\",\"url\":\"https:\/\/convocatorias.fundacionemalcsa.es\/index.php\/es\/aportacion-documentacion\/\",\"name\":\"Aportaci\u00f3n Documentaci\u00f3n - CONVOCATORIA DE AYUDAS FUNDACI\u00d3N EMALCSA\",\"isPartOf\":{\"@id\":\"https:\/\/convocatorias.fundacionemalcsa.es\/#website\"},\"datePublished\":\"2024-05-31T08:48:00+00:00\",\"dateModified\":\"2024-05-31T08:48:00+00:00\",\"description\":\"Gesti\u00f3n de aportaciones econ\u00f3micas para profesionales del sector audiovisual afectados por la crisis de la COVID-19.\",\"breadcrumb\":{\"@id\":\"https:\/\/convocatorias.fundacionemalcsa.es\/index.php\/es\/aportacion-documentacion\/#breadcrumb\"},\"inLanguage\":\"es\",\"potentialAction\":[{\"@type\":\"ReadAction\",\"target\":[\"https:\/\/convocatorias.fundacionemalcsa.es\/index.php\/es\/aportacion-documentacion\/\"]}]},{\"@type\":\"BreadcrumbList\",\"@id\":\"https:\/\/convocatorias.fundacionemalcsa.es\/index.php\/es\/aportacion-documentacion\/#breadcrumb\",\"itemListElement\":[{\"@type\":\"ListItem\",\"position\":1,\"name\":\"Portada\",\"item\":\"https:\/\/convocatorias.fundacionemalcsa.es\/\"},{\"@type\":\"ListItem\",\"position\":2,\"name\":\"Aportaci\u00f3n Documentaci\u00f3n\"}]}]}<\/script>\n<!-- \/ Yoast SEO plugin. -->","yoast_head_json":{"title":"Aportaci\u00f3n Documentaci\u00f3n - CONVOCATORIA DE AYUDAS FUNDACI\u00d3N EMALCSA","description":"Gesti\u00f3n de aportaciones econ\u00f3micas para profesionales del sector audiovisual afectados por la crisis de la COVID-19.","robots":{"index":"index","follow":"follow","max-snippet":"max-snippet:-1","max-image-preview":"max-image-preview:large","max-video-preview":"max-video-preview:-1"},"canonical":"https:\/\/convocatorias.fundacionemalcsa.es\/index.php\/es\/aportacion-documentacion\/","og_locale":"es_ES","og_type":"article","og_title":"Aportaci\u00f3n Documentaci\u00f3n - CONVOCATORIA DE AYUDAS FUNDACI\u00d3N EMALCSA","og_description":"Gesti\u00f3n de aportaciones econ\u00f3micas para profesionales del sector audiovisual afectados por la crisis de la COVID-19.","og_url":"https:\/\/convocatorias.fundacionemalcsa.es\/index.php\/es\/aportacion-documentacion\/","og_site_name":"CONVOCATORIA DE AYUDAS FUNDACI\u00d3N EMALCSA","twitter_card":"summary_large_image","twitter_misc":{"Tiempo de lectura":"1 minuto"},"schema":{"@context":"https:\/\/schema.org","@graph":[{"@type":"WebSite","@id":"https:\/\/convocatorias.fundacionemalcsa.es\/#website","url":"https:\/\/convocatorias.fundacionemalcsa.es\/","name":"CONVOCATORIA DE AYUDAS FUNDACI\u00d3N EMALCSA","description":"Convocatoria Emalcsa","potentialAction":[{"@type":"SearchAction","target":{"@type":"EntryPoint","urlTemplate":"https:\/\/convocatorias.fundacionemalcsa.es\/?s={search_term_string}"},"query-input":"required name=search_term_string"}],"inLanguage":"es"},{"@type":"WebPage","@id":"https:\/\/convocatorias.fundacionemalcsa.es\/index.php\/es\/aportacion-documentacion\/#webpage","url":"https:\/\/convocatorias.fundacionemalcsa.es\/index.php\/es\/aportacion-documentacion\/","name":"Aportaci\u00f3n Documentaci\u00f3n - CONVOCATORIA DE AYUDAS FUNDACI\u00d3N EMALCSA","isPartOf":{"@id":"https:\/\/convocatorias.fundacionemalcsa.es\/#website"},"datePublished":"2024-05-31T08:48:00+00:00","dateModified":"2024-05-31T08:48:00+00:00","description":"Gesti\u00f3n de aportaciones econ\u00f3micas para profesionales del sector audiovisual afectados por la crisis de la COVID-19.","breadcrumb":{"@id":"https:\/\/convocatorias.fundacionemalcsa.es\/index.php\/es\/aportacion-documentacion\/#breadcrumb"},"inLanguage":"es","potentialAction":[{"@type":"ReadAction","target":["https:\/\/convocatorias.fundacionemalcsa.es\/index.php\/es\/aportacion-documentacion\/"]}]},{"@type":"BreadcrumbList","@id":"https:\/\/convocatorias.fundacionemalcsa.es\/index.php\/es\/aportacion-documentacion\/#breadcrumb","itemListElement":[{"@type":"ListItem","position":1,"name":"Portada","item":"https:\/\/convocatorias.fundacionemalcsa.es\/"},{"@type":"ListItem","position":2,"name":"Aportaci\u00f3n Documentaci\u00f3n"}]}]}},"_links":{"self":[{"href":"https:\/\/convocatorias.fundacionemalcsa.es\/index.php\/wp-json\/wp\/v2\/pages\/1687"}],"collection":[{"href":"https:\/\/convocatorias.fundacionemalcsa.es\/index.php\/wp-json\/wp\/v2\/pages"}],"about":[{"href":"https:\/\/convocatorias.fundacionemalcsa.es\/index.php\/wp-json\/wp\/v2\/types\/page"}],"author":[{"embeddable":true,"href":"https:\/\/convocatorias.fundacionemalcsa.es\/index.php\/wp-json\/wp\/v2\/users\/1"}],"replies":[{"embeddable":true,"href":"https:\/\/convocatorias.fundacionemalcsa.es\/index.php\/wp-json\/wp\/v2\/comments?post=1687"}],"version-history":[{"count":2,"href":"https:\/\/convocatorias.fundacionemalcsa.es\/index.php\/wp-json\/wp\/v2\/pages\/1687\/revisions"}],"predecessor-version":[{"id":1689,"href":"https:\/\/convocatorias.fundacionemalcsa.es\/index.php\/wp-json\/wp\/v2\/pages\/1687\/revisions\/1689"}],"wp:attachment":[{"href":"https:\/\/convocatorias.fundacionemalcsa.es\/index.php\/wp-json\/wp\/v2\/media?parent=1687"}],"curies":[{"name":"wp","href":"https:\/\/api.w.org\/{rel}","templated":true}]}}