{"id":1055,"date":"2023-02-23T12:27:10","date_gmt":"2023-02-23T12:27:10","guid":{"rendered":"https:\/\/convocatorias.fundacionemalcsa.es\/?page_id=1055"},"modified":"2024-05-27T15:22:11","modified_gmt":"2024-05-27T13:22:11","slug":"1055-2","status":"publish","type":"page","link":"https:\/\/convocatorias.fundacionemalcsa.es\/index.php\/1055-2\/","title":{"rendered":"Protecci\u00f3n de Datos Persoais"},"content":{"rendered":"<div id=\"pl-1055\"  class=\"panel-layout\" ><div id=\"pg-1055-0\"  class=\"panel-grid panel-has-style\" ><div style=\"padding: 100px 0; \" data-overlay=\"true\" data-overlay-color=\"#000000\" class=\"panel-row-style panel-row-style-for-1055-0\" ><div id=\"pgc-1055-0-0\"  class=\"panel-grid-cell\" ><div id=\"panel-1055-0-0-0\" class=\"so-panel widget widget_text panel-first-child panel-last-child\" data-index=\"0\" ><div style=\"text-align: left;\" id=\"proteccion_datos_personales\" data-title-color=\"#443f3f\" data-headings-color=\"#443f3f\" class=\"panel-widget-style panel-widget-style-for-1055-0-0-0\" >\t\t\t<div class=\"textwidget\"><p><strong>POL\u00cdTICA DE PROTECCI\u00d3N DE DATOS PERSONAIS<\/strong><\/p>\n<p><strong>Responsable do Tratamento<\/strong><\/p>\n<p>VALORA CONSULTORES DE XESTI\u00d3N, SL (en diante VALORA) con domicilio en C\/ Avenida Calvo Sotelo, 19. 15004 A Coru\u00f1a, como\u00a0 titular da presente p\u00e1xina web e o Responsable dos Datos Persoais e o seu Tratamento, nos termos do Regulamento (UE) 2016\/679 do Parlamento Europeo e do Consello, do 27 de abril de 2016 (RGPD), relativo \u00e1 protecci\u00f3n das persoas f\u00edsicas no que respecta ao tratamento de datos persoais e \u00e1 libre circulaci\u00f3n destes datos e polo que se derroga a Directiva 95\/46\/CE, e conforme a\u00a0 Lei Org\u00e1nica 3\/2018, do 5 de decembro, de Protecci\u00f3n de Datos Persoais e garant\u00eda dos dereitos dixitais. Para estes efectos, adoptar\u00e1 as medidas necesarias para evitar a alteraci\u00f3n, perda, tratamento ou acceso non autorizado dos datos de car\u00e1cter persoal.<\/p>\n<p>Os datos de car\u00e1cter persoal que puidesen solicitarse directamente do interesado ser\u00e1n tratados de forma confidencial e quedar\u00edan incorporados \u00e1 correspondente actividade de tratamento titularidade de VALORA.<\/p>\n<p><strong>Finalidad e Lexitimidade do Tratamento<\/strong>.<\/p>\n<p>A recollida e tratamento automatizado dos datos persoais ten como finalidade a xesti\u00f3n da achega econ\u00f3mica relacionada co Proxecto CONVOCATORIA DE AXUDAS DA FUNDACI\u00d3N EMALCSA solicitada polo usuario desta p\u00e1xina web, as\u00ed como o seguimento das consultas expostas por interesados ata o logro do seu fin \u00faltimo que \u00e9 a entrega de tales axudas aos beneficiarios elixidos.<\/p>\n<p>A lexitimidade para o tratamento dos datos persoais est\u00e1 baseada no consentimento que se solicita aos usuarios, para iso solicitamos a s\u00faa confirmaci\u00f3n expresa autorizando o tratamento dos seus datos.<\/p>\n<p><strong>Actividades de Tratamento.<\/strong><\/p>\n<p>O tratamento dos datos persoais real\u00edzase fundamentalmente para o cumprimento das obrigaci\u00f3ns legais por parte de VALORA para a xesti\u00f3n da axuda solicitada, a s\u00faa tramitaci\u00f3n e xustificaci\u00f3n #ante organismos oficiais e entidades patrocinadoras da mesma.<\/p>\n<p>Os prazos de conservaci\u00f3n dos seus datos persoais ser\u00e1n os necesarios dependendo da normativa aplicable ao caso particular e, en todo caso, durante o tempo necesario para cumprir coa finalidade para a que se solicitan e para determinar as posibles responsabilidades que se puidesen derivar da finalidade, ademais dos per\u00edodos establecidos na normativa para o arquivo e documentaci\u00f3n contable, fiscal e administrativa.<\/p>\n<p><strong>Comunicaci\u00f3n, cesi\u00f3n de Datos.<\/strong><\/p>\n<p>Os datos persoais comunicaranse <strong>exclusivamente para a finalidade indicada<\/strong>, de xesti\u00f3n e xustificaci\u00f3n da achega econ\u00f3mica CONVOCATORIA DE AXUDAS DA FUNDACI\u00d3N EMALCSA , e para fins administrativos internos, sendo os destinatarios as administraci\u00f3ns p\u00fablicas e a entidade doante, para o seu efectivo seguimento e xustificaci\u00f3n.<\/p>\n<p>Non haber\u00e1 cesi\u00f3n propiamente dita para outros fins.<\/p>\n<p>&nbsp;<\/p>\n<p>&nbsp;<\/p>\n<p>&nbsp;<\/p>\n<p>&nbsp;<\/p>\n<p><strong>Exercicio de Dereitos<\/strong><\/p>\n<p>Pode exercitar os dereitos de acceso, rectificaci\u00f3n, supresi\u00f3n e portabilidad dos seus datos, limitaci\u00f3n e oposici\u00f3n ao tratamento, as\u00ed como a non ser obxecto de decisi\u00f3ns baseadas unicamente no tratamento automatizado dos seus datos, cando procedan, #ante VALORA a trav\u00e9s do correo electr\u00f3nico: info@valoraconsultores.com<\/p>\n<p>En todo caso, o interesado poder\u00e1 reclamar #ante Axencia Espa\u00f1ola de Protecci\u00f3n de Datos, cando considere que se han vulnerados os seus dereitos \u00e1 protecci\u00f3n de datos persoais.<\/p>\n<p>Os datos recolleranse a trav\u00e9s dos formularios correspondentes, que s\u00f3 conter\u00e1n os campos imprescindibles para a tramitaci\u00f3n da axuda solicitada e conservaranse durante o tempo imprescindible para atender este servizo, en base \u00e1 lexislaci\u00f3n vixente, respecto a a prescrici\u00f3n de responsabilidades.<\/p>\n<p>Corresponde ao interesado a actualizaci\u00f3n dos seus propios datos. VALORA non ser\u00e1 responsable da s\u00faa inexactitude se non se comunican os cambios que puidesen producirse.<\/p>\n<p>VALORA adoptou as medidas t\u00e9cnicas e organizativas necesarias para garantir a seguridade e integridade dos datos persoais tratados, as\u00ed como para evitar a s\u00faa alteraci\u00f3n, perda, tratamento ou acceso non autorizado. Neste sentido, VALORA adoptou as medidas de seguridade esixidas pola normativa vixente de Protecci\u00f3n de Datos de car\u00e1cter persoal.<\/p>\n<p>VALORA se reserva a facultade de modificar a presente Pol\u00edtica de protecci\u00f3n de datos para adaptala \u00e1s novidades lexislativas, xurisprudenciais ou de interpretaci\u00f3n da Axencia Espa\u00f1ola de Protecci\u00f3n de Datos.<\/p>\n<p>&nbsp;<\/p>\n<\/div>\n\t\t<\/div><\/div><\/div><\/div><\/div><\/div>","protected":false},"excerpt":{"rendered":"<p>POL\u00cdTICA DE PROTECCI\u00d3N DE DATOS PERSONAIS Responsable do Tratamento VALORA CONSULTORES DE [&hellip;]<\/p>\n","protected":false},"author":4,"featured_media":0,"parent":0,"menu_order":0,"comment_status":"closed","ping_status":"closed","template":"page-templates\/page_fullwidth.php","meta":[],"yoast_head":"<!-- This site is optimized with the Yoast SEO plugin v18.4.1 - https:\/\/yoast.com\/wordpress\/plugins\/seo\/ -->\n<title>Protecci\u00f3n de Datos Persoais - CONVOCATORIA DE AYUDAS FUNDACI\u00d3N EMALCSA<\/title>\n<meta name=\"description\" content=\"Gesti\u00f3n de aportaciones econ\u00f3micas para profesionales del sector audiovisual afectados por la crisis de la COVID-19.\" \/>\n<meta name=\"robots\" content=\"index, follow, max-snippet:-1, max-image-preview:large, max-video-preview:-1\" \/>\n<link rel=\"canonical\" href=\"https:\/\/convocatorias.fundacionemalcsa.es\/index.php\/1055-2\/\" \/>\n<meta property=\"og:locale\" content=\"es_ES\" \/>\n<meta property=\"og:type\" content=\"article\" \/>\n<meta property=\"og:title\" content=\"Protecci\u00f3n de Datos Persoais - CONVOCATORIA DE AYUDAS FUNDACI\u00d3N EMALCSA\" \/>\n<meta property=\"og:description\" content=\"Gesti\u00f3n de aportaciones econ\u00f3micas para profesionales del sector audiovisual afectados por la crisis de la COVID-19.\" \/>\n<meta property=\"og:url\" content=\"https:\/\/convocatorias.fundacionemalcsa.es\/index.php\/1055-2\/\" \/>\n<meta property=\"og:site_name\" content=\"CONVOCATORIA DE AYUDAS FUNDACI\u00d3N EMALCSA\" \/>\n<meta property=\"article:modified_time\" content=\"2024-05-27T13:22:11+00:00\" \/>\n<meta name=\"twitter:card\" content=\"summary_large_image\" \/>\n<meta name=\"twitter:label1\" content=\"Tiempo de lectura\" \/>\n\t<meta name=\"twitter:data1\" content=\"3 minutos\" \/>\n<script type=\"application\/ld+json\" class=\"yoast-schema-graph\">{\"@context\":\"https:\/\/schema.org\",\"@graph\":[{\"@type\":\"WebSite\",\"@id\":\"https:\/\/convocatorias.fundacionemalcsa.es\/#website\",\"url\":\"https:\/\/convocatorias.fundacionemalcsa.es\/\",\"name\":\"CONVOCATORIA DE AYUDAS FUNDACI\u00d3N EMALCSA\",\"description\":\"Convocatoria Emalcsa\",\"potentialAction\":[{\"@type\":\"SearchAction\",\"target\":{\"@type\":\"EntryPoint\",\"urlTemplate\":\"https:\/\/convocatorias.fundacionemalcsa.es\/?s={search_term_string}\"},\"query-input\":\"required name=search_term_string\"}],\"inLanguage\":\"es\"},{\"@type\":\"WebPage\",\"@id\":\"https:\/\/convocatorias.fundacionemalcsa.es\/index.php\/1055-2\/#webpage\",\"url\":\"https:\/\/convocatorias.fundacionemalcsa.es\/index.php\/1055-2\/\",\"name\":\"Protecci\u00f3n de Datos Persoais - CONVOCATORIA DE AYUDAS FUNDACI\u00d3N EMALCSA\",\"isPartOf\":{\"@id\":\"https:\/\/convocatorias.fundacionemalcsa.es\/#website\"},\"datePublished\":\"2023-02-23T12:27:10+00:00\",\"dateModified\":\"2024-05-27T13:22:11+00:00\",\"description\":\"Gesti\u00f3n de aportaciones econ\u00f3micas para profesionales del sector audiovisual afectados por la crisis de la COVID-19.\",\"breadcrumb\":{\"@id\":\"https:\/\/convocatorias.fundacionemalcsa.es\/index.php\/1055-2\/#breadcrumb\"},\"inLanguage\":\"es\",\"potentialAction\":[{\"@type\":\"ReadAction\",\"target\":[\"https:\/\/convocatorias.fundacionemalcsa.es\/index.php\/1055-2\/\"]}]},{\"@type\":\"BreadcrumbList\",\"@id\":\"https:\/\/convocatorias.fundacionemalcsa.es\/index.php\/1055-2\/#breadcrumb\",\"itemListElement\":[{\"@type\":\"ListItem\",\"position\":1,\"name\":\"Portada\",\"item\":\"https:\/\/convocatorias.fundacionemalcsa.es\/\"},{\"@type\":\"ListItem\",\"position\":2,\"name\":\"Protecci\u00f3n de Datos Persoais\"}]}]}<\/script>\n<!-- \/ Yoast SEO plugin. -->","yoast_head_json":{"title":"Protecci\u00f3n de Datos Persoais - CONVOCATORIA DE AYUDAS FUNDACI\u00d3N EMALCSA","description":"Gesti\u00f3n de aportaciones econ\u00f3micas para profesionales del sector audiovisual afectados por la crisis de la COVID-19.","robots":{"index":"index","follow":"follow","max-snippet":"max-snippet:-1","max-image-preview":"max-image-preview:large","max-video-preview":"max-video-preview:-1"},"canonical":"https:\/\/convocatorias.fundacionemalcsa.es\/index.php\/1055-2\/","og_locale":"es_ES","og_type":"article","og_title":"Protecci\u00f3n de Datos Persoais - CONVOCATORIA DE AYUDAS FUNDACI\u00d3N EMALCSA","og_description":"Gesti\u00f3n de aportaciones econ\u00f3micas para profesionales del sector audiovisual afectados por la crisis de la COVID-19.","og_url":"https:\/\/convocatorias.fundacionemalcsa.es\/index.php\/1055-2\/","og_site_name":"CONVOCATORIA DE AYUDAS FUNDACI\u00d3N EMALCSA","article_modified_time":"2024-05-27T13:22:11+00:00","twitter_card":"summary_large_image","twitter_misc":{"Tiempo de lectura":"3 minutos"},"schema":{"@context":"https:\/\/schema.org","@graph":[{"@type":"WebSite","@id":"https:\/\/convocatorias.fundacionemalcsa.es\/#website","url":"https:\/\/convocatorias.fundacionemalcsa.es\/","name":"CONVOCATORIA DE AYUDAS FUNDACI\u00d3N EMALCSA","description":"Convocatoria Emalcsa","potentialAction":[{"@type":"SearchAction","target":{"@type":"EntryPoint","urlTemplate":"https:\/\/convocatorias.fundacionemalcsa.es\/?s={search_term_string}"},"query-input":"required name=search_term_string"}],"inLanguage":"es"},{"@type":"WebPage","@id":"https:\/\/convocatorias.fundacionemalcsa.es\/index.php\/1055-2\/#webpage","url":"https:\/\/convocatorias.fundacionemalcsa.es\/index.php\/1055-2\/","name":"Protecci\u00f3n de Datos Persoais - CONVOCATORIA DE AYUDAS FUNDACI\u00d3N EMALCSA","isPartOf":{"@id":"https:\/\/convocatorias.fundacionemalcsa.es\/#website"},"datePublished":"2023-02-23T12:27:10+00:00","dateModified":"2024-05-27T13:22:11+00:00","description":"Gesti\u00f3n de aportaciones econ\u00f3micas para profesionales del sector audiovisual afectados por la crisis de la COVID-19.","breadcrumb":{"@id":"https:\/\/convocatorias.fundacionemalcsa.es\/index.php\/1055-2\/#breadcrumb"},"inLanguage":"es","potentialAction":[{"@type":"ReadAction","target":["https:\/\/convocatorias.fundacionemalcsa.es\/index.php\/1055-2\/"]}]},{"@type":"BreadcrumbList","@id":"https:\/\/convocatorias.fundacionemalcsa.es\/index.php\/1055-2\/#breadcrumb","itemListElement":[{"@type":"ListItem","position":1,"name":"Portada","item":"https:\/\/convocatorias.fundacionemalcsa.es\/"},{"@type":"ListItem","position":2,"name":"Protecci\u00f3n de Datos Persoais"}]}]}},"_links":{"self":[{"href":"https:\/\/convocatorias.fundacionemalcsa.es\/index.php\/wp-json\/wp\/v2\/pages\/1055"}],"collection":[{"href":"https:\/\/convocatorias.fundacionemalcsa.es\/index.php\/wp-json\/wp\/v2\/pages"}],"about":[{"href":"https:\/\/convocatorias.fundacionemalcsa.es\/index.php\/wp-json\/wp\/v2\/types\/page"}],"author":[{"embeddable":true,"href":"https:\/\/convocatorias.fundacionemalcsa.es\/index.php\/wp-json\/wp\/v2\/users\/4"}],"replies":[{"embeddable":true,"href":"https:\/\/convocatorias.fundacionemalcsa.es\/index.php\/wp-json\/wp\/v2\/comments?post=1055"}],"version-history":[{"count":4,"href":"https:\/\/convocatorias.fundacionemalcsa.es\/index.php\/wp-json\/wp\/v2\/pages\/1055\/revisions"}],"predecessor-version":[{"id":1575,"href":"https:\/\/convocatorias.fundacionemalcsa.es\/index.php\/wp-json\/wp\/v2\/pages\/1055\/revisions\/1575"}],"wp:attachment":[{"href":"https:\/\/convocatorias.fundacionemalcsa.es\/index.php\/wp-json\/wp\/v2\/media?parent=1055"}],"curies":[{"name":"wp","href":"https:\/\/api.w.org\/{rel}","templated":true}]}}